{"id":202,"date":"2020-08-06T03:43:44","date_gmt":"2020-08-06T03:43:44","guid":{"rendered":"http:\/\/controlperu.com\/?page_id=202"},"modified":"2020-08-11T23:49:32","modified_gmt":"2020-08-11T23:49:32","slug":"quienes-somos","status":"publish","type":"page","link":"https:\/\/controlperu.com\/index.php\/quienes-somos\/","title":{"rendered":"Quienes Somos"},"content":{"rendered":"\t\t<div data-elementor-type=\"wp-page\" data-elementor-id=\"202\" class=\"elementor elementor-202\">\n\t\t\t\t\t\t<section class=\"elementor-section elementor-top-section elementor-element elementor-element-60249cb elementor-section-boxed elementor-section-height-default elementor-section-height-default\" data-id=\"60249cb\" data-element_type=\"section\">\n\t\t\t\t\t\t<div class=\"elementor-container elementor-column-gap-default\">\n\t\t\t\t\t<div class=\"elementor-column elementor-col-100 elementor-top-column elementor-element elementor-element-19373ed\" data-id=\"19373ed\" data-element_type=\"column\">\n\t\t\t<div class=\"elementor-widget-wrap elementor-element-populated\">\n\t\t\t\t\t\t<div class=\"elementor-element elementor-element-94311bd elementor-widget elementor-widget-heading\" data-id=\"94311bd\" data-element_type=\"widget\" data-widget_type=\"heading.default\">\n\t\t\t\t<div class=\"elementor-widget-container\">\n\t\t\t<h1 class=\"elementor-heading-title elementor-size-default\">QUIENES SOMOS<\/h1>\t\t<\/div>\n\t\t\t\t<\/div>\n\t\t\t\t\t<\/div>\n\t\t<\/div>\n\t\t\t\t\t<\/div>\n\t\t<\/section>\n\t\t\t\t<section class=\"elementor-section elementor-top-section elementor-element elementor-element-5de3e9a elementor-section-boxed elementor-section-height-default elementor-section-height-default\" data-id=\"5de3e9a\" data-element_type=\"section\">\n\t\t\t\t\t\t<div class=\"elementor-container elementor-column-gap-default\">\n\t\t\t\t\t<div class=\"elementor-column elementor-col-50 elementor-top-column elementor-element elementor-element-397385e\" data-id=\"397385e\" data-element_type=\"column\">\n\t\t\t<div class=\"elementor-widget-wrap elementor-element-populated\">\n\t\t\t\t\t\t<div class=\"elementor-element elementor-element-69d7240 elementor-widget elementor-widget-shortcode\" data-id=\"69d7240\" data-element_type=\"widget\" data-widget_type=\"shortcode.default\">\n\t\t\t\t<div class=\"elementor-widget-container\">\n\t\t\t\t\t<div class=\"elementor-shortcode\">\n<\/div>\n\t\t\t\t<\/div>\n\t\t\t\t<\/div>\n\t\t\t\t\t<\/div>\n\t\t<\/div>\n\t\t\t\t<div class=\"elementor-column elementor-col-50 elementor-top-column elementor-element elementor-element-50bc366\" data-id=\"50bc366\" data-element_type=\"column\">\n\t\t\t<div class=\"elementor-widget-wrap elementor-element-populated\">\n\t\t\t\t\t\t<div class=\"elementor-element elementor-element-63f090b elementor-widget elementor-widget-text-editor\" data-id=\"63f090b\" data-element_type=\"widget\" data-widget_type=\"text-editor.default\">\n\t\t\t\t<div class=\"elementor-widget-container\">\n\t\t\t\t\t\t\t<p style=\"text-align: center;\"><strong>CONTROL PER\u00da SEG<\/strong><\/p>\n<p style=\"text-align: justify;\">Es una empresa comprometida, L\u00edder en sistemas de seguridad electr\u00f3nica y redes, Con el respaldo de 13 a\u00f1os de experiencia, Ofreciendo soluciones en seguridad y desarrollo de proyectos especiales de acuerdo a las necesidades de nuestros clientes, Para el hogar y peque\u00f1os o grandes negocios, dejando en nuestras manos la protecci\u00f3n de su patrimonio y seres queridos.<\/p>\t\t\t\t\t\t<\/div>\n\t\t\t\t<\/div>\n\t\t\t\t\t<\/div>\n\t\t<\/div>\n\t\t\t\t\t<\/div>\n\t\t<\/section>\n\t\t\t\t<\/div>\n\t\t","protected":false},"excerpt":{"rendered":"<p>QUIENES SOMOS CONTROL PER\u00da SEG Es una empresa comprometida, L\u00edder en sistemas de seguridad electr\u00f3nica y redes, Con el respaldo de 13 a\u00f1os de experiencia, Ofreciendo soluciones en seguridad y desarrollo de proyectos especiales de acuerdo a las necesidades de nuestros clientes, Para el hogar y peque\u00f1os o grandes negocios,<a href=\"https:\/\/controlperu.com\/index.php\/quienes-somos\/\" class=\"read-more\">Read More<\/a><\/p>\n","protected":false},"author":1,"featured_media":0,"parent":0,"menu_order":0,"comment_status":"closed","ping_status":"closed","template":"","meta":{"om_disable_all_campaigns":false,"_monsterinsights_skip_tracking":false,"_monsterinsights_sitenote_active":false,"_monsterinsights_sitenote_note":"","_monsterinsights_sitenote_category":0,"jetpack_post_was_ever_published":false,"footnotes":""},"class_list":["post-202","page","type-page","status-publish","hentry"],"jetpack_sharing_enabled":true,"jetpack_shortlink":"https:\/\/wp.me\/PdbrCe-3g","_links":{"self":[{"href":"https:\/\/controlperu.com\/index.php\/wp-json\/wp\/v2\/pages\/202"}],"collection":[{"href":"https:\/\/controlperu.com\/index.php\/wp-json\/wp\/v2\/pages"}],"about":[{"href":"https:\/\/controlperu.com\/index.php\/wp-json\/wp\/v2\/types\/page"}],"author":[{"embeddable":true,"href":"https:\/\/controlperu.com\/index.php\/wp-json\/wp\/v2\/users\/1"}],"replies":[{"embeddable":true,"href":"https:\/\/controlperu.com\/index.php\/wp-json\/wp\/v2\/comments?post=202"}],"version-history":[{"count":7,"href":"https:\/\/controlperu.com\/index.php\/wp-json\/wp\/v2\/pages\/202\/revisions"}],"predecessor-version":[{"id":412,"href":"https:\/\/controlperu.com\/index.php\/wp-json\/wp\/v2\/pages\/202\/revisions\/412"}],"wp:attachment":[{"href":"https:\/\/controlperu.com\/index.php\/wp-json\/wp\/v2\/media?parent=202"}],"curies":[{"name":"wp","href":"https:\/\/api.w.org\/{rel}","templated":true}]}}